{"id":3323,"date":"2022-03-07T10:47:30","date_gmt":"2022-03-07T10:47:30","guid":{"rendered":"https:\/\/www.quiensinonosotros.com\/aviso-legal\/"},"modified":"2022-03-07T11:08:00","modified_gmt":"2022-03-07T11:08:00","slug":"aviso-legal","status":"publish","type":"page","link":"https:\/\/www.quiensinonosotros.com\/uk\/aviso-legal\/","title":{"rendered":"Aviso legal"},"content":{"rendered":"\n<p>Estas son las <strong>Condiciones Generales de Uso<\/strong> del sitio web de QUI\u00c9N SINO NOSOTROS, al que se accede mediante la direcci\u00f3n principal <a rel=\"noreferrer noopener\" href=\"\/\" target=\"_blank\">www.quiensinonosotros.com<\/a>.<\/p>\n\n\n\n<p>La existencia de las presentes Condiciones Generales de Uso no excluye la existencia de otras disposiciones o condiciones de acceso a las diversas secciones que componen el sitio web.<\/p>\n\n\n\n<h3 class=\"wp-block-heading\">ACEPTACI\u00d3N DE LAS CONDICIONES DE USO<\/h3>\n\n\n\n<p>Los usuarios deber\u00e1n leer las presentes Condiciones Generales de Uso de esta web. El uso o acceso a este sitio implica el conocimiento y plena aceptaci\u00f3n de las advertencias legales y condiciones que a continuaci\u00f3n se especifican.<\/p>\n\n\n\n<p>Asimismo, la utilizaci\u00f3n de determinados servicios a disposici\u00f3n de los usuarios de este sitio web puede estar sometida a condiciones especiales, advertencias o instrucciones que tambi\u00e9n deber\u00e1n ser consultadas y aceptadas sin reservas por los usuarios.<\/p>\n\n\n\n<h3 class=\"wp-block-heading\">CONDICIONES DE ACCESO Y USO DEL SITIO WEB<\/h3>\n\n\n\n<p>La utilizaci\u00f3n del sitio web de QUI\u00c9N SINO NOSOTROS posee car\u00e1cter gratuito. No obstante, la contrataci\u00f3n de algunos de los servicios que ofrece este portal puede estar condicionada al pago de un precio, en cuyo caso se indicar\u00e1 convenientemente.<\/p>\n\n\n\n<p>Quien accede a este sitio web asume la obligaci\u00f3n de efectuar un uso correcto y adecuado de sus servicios y contenidos, de conformidad a las presentes Condiciones Generales y al ordenamiento jur\u00eddico vigente.<\/p>\n\n\n\n<p>QUI\u00c9N SINO NOSOTROS se reserva el derecho unilateral a denegar el acceso a este sitio web y\/o a sus servicios a aquellos usuarios que incumplan las presentes Condiciones Generales de Uso.<\/p>\n\n\n\n<p>El usuario garantiza la veracidad y autenticidad de las informaciones y datos que comunique en virtud de la cumplimentaci\u00f3n de las solicitudes y formularios que, en su caso, se requieran para acceder a determinados servicios. En este sentido, ser\u00e1 de obligaci\u00f3n del usuario el mantener actualizadas las informaciones de forma tal que correspondan a la realidad en cada momento. Cualquier manifestaci\u00f3n falsa o inexacta que se produzca como consecuencia de las informaciones y datos manifestados, as\u00ed como los perjuicios que tal informaci\u00f3n pudiera causar, ser\u00e1 responsabilidad del usuario.<\/p>\n\n\n\n<p>Los responsables dar\u00e1n a dichos datos el tratamiento automatizado que corresponda en funci\u00f3n de su naturaleza o finalidad, en las condiciones y t\u00e9rminos indicados en la secci\u00f3n de <a href=\"https:\/\/www.eliberico.com\/politica-privacidad\/\" target=\"_blank\" rel=\"noreferrer noopener\">Pol\u00edtica de privacidad<\/a>.<\/p>\n\n\n\n<h3 class=\"wp-block-heading\">DERECHOS DE PROPIEDAD INDUSTRIAL E INTELECTUAL<\/h3>\n\n\n\n<h4 class=\"wp-block-heading\">Propiedad industrial<\/h4>\n\n\n\n<p>Las denominaciones QUI\u00c9N SINO NOSOTROS, la marca gr\u00e1fico-denominativa QUI\u00c9N SINO NOSOTROS, tal y como aparece en la p\u00e1gina de inicio de esta web, as\u00ed como otros signos distintivos (denominativos, gr\u00e1ficos y gr\u00e1ficos-denominativos) que asimismo aparecen en esta web, gozan de protecci\u00f3n en virtud de la normativa vigente en materia de Propiedad Industrial. QUI\u00c9N SINO NOSOTROS ostenta el derecho exclusivo a utilizarlos en el tr\u00e1fico econ\u00f3mico. Por consiguiente, queda prohibida su utilizaci\u00f3n por parte de terceros que carezcan de expresa autorizaci\u00f3n.<\/p>\n\n\n\n<h4 class=\"wp-block-heading\">Nombres de dominio<\/h4>\n\n\n\n<p>El nombre de dominio <a rel=\"noreferrer noopener\" href=\"\/\" target=\"_blank\">www.quiensinonosotros.com<\/a> y todos aquellos que sirvan para acceder de forma directa al presente sitio oficial son propiedad de QUI\u00c9N SINO NOSOTROS, y su utilizaci\u00f3n le corresponde en exclusiva a la misma. La indebida utilizaci\u00f3n de los mismos en el tr\u00e1fico econ\u00f3mico, supondr\u00eda una infracci\u00f3n de los derechos conferidos por su registro y ser\u00e1 perseguido por los medios previstos en la ley.<\/p>\n\n\n\n<h4 class=\"wp-block-heading\">Derechos de autor<\/h4>\n\n\n\n<p>Los contenidos, textos, fotograf\u00edas, dise\u00f1os, logotipos, im\u00e1genes, sonidos, v\u00eddeos, animaciones, grabaciones, programas de ordenador, c\u00f3digos fuente y, en general, cualquier creaci\u00f3n intelectual existente en la parte p\u00fablica de este sitio web, as\u00ed como el propio Sitio en su conjunto como obra art\u00edstica multimedia, est\u00e1n protegidos como derechos de autor por la legislaci\u00f3n vigente en materia de propiedad intelectual.<\/p>\n\n\n\n<p>De conformidad con lo expuesto, corresponden a QUI\u00c9N SINO NOSOTROS los derechos exclusivos de reproducci\u00f3n, distribuci\u00f3n, comunicaci\u00f3n p\u00fablica y transformaci\u00f3n, as\u00ed como cualquier otro derecho de naturaleza patrimonial, sobre los elementos se\u00f1alados en el p\u00e1rrafo precedente; y todo ello sin perjuicio de los derechos morales que correspondan a sus autores.<\/p>\n\n\n\n<p>Queda prohibida, con car\u00e1cter general y no limitativa, la reproducci\u00f3n, almacenamiento (excepto aquel necesario para la carga de este sitio web en el navegador o almacenamiento temporal), transformaci\u00f3n, distribuci\u00f3n, comunicaci\u00f3n p\u00fablica, puesta a disposici\u00f3n del p\u00fablico y en general cualquier otra forma de explotaci\u00f3n, por cualquier medio o procedimiento, de todo o parte de los contenidos sujetos a derechos exclusivos de QUI\u00c9N SINO NOSOTROS, excepto en el caso de mediar autorizaci\u00f3n previa y expresa al efecto.<\/p>\n\n\n\n<h4 class=\"wp-block-heading\">Herramientas tecnol\u00f3gicas<\/h4>\n\n\n\n<p>Las herramientas tecnol\u00f3gicas desarrolladas por QUI\u00c9N SINO NOSOTROS y puestas a disposici\u00f3n del usuario a trav\u00e9s de este portal se encuentran protegidas por la legislaci\u00f3n en materia de Propiedad Intelectual y su utilizaci\u00f3n por el usuario debe realizarse exclusivamente en este \u00e1mbito y sin finalidad comercial.<\/p>\n\n\n\n<h4 class=\"wp-block-heading\">Reserva de acciones<\/h4>\n\n\n\n<p>El usuario de este sitio web se compromete a respetar los derechos enunciados y evitar cualquier actuaci\u00f3n que pudiera perjudicarlos. El incumplimiento de lo establecido en este apartado y, en general, cualquier vulneraci\u00f3n de la pac\u00edfica posesi\u00f3n y titularidad de los antedichos derechos de exclusiva ser\u00e1 perseguida con los medios que la legislaci\u00f3n prev\u00e9.<\/p>\n\n\n\n<p>En este sentido, QUI\u00c9N SINO NOSOTROS deja hecha expresa reserva del ejercicio de cuantas acciones, tanto civiles como penales, amparen sus leg\u00edtimos derechos de Propiedad Intelectual e Industrial.<\/p>\n\n\n\n<h3 class=\"wp-block-heading\">EXENCI\u00d3N DE RESPONSABILIDAD<\/h3>\n\n\n\n<h4 class=\"wp-block-heading\">Por los contenidos<\/h4>\n\n\n\n<ul class=\"wp-block-list\"><li>Informaciones: Las informaciones, tanto propias como de terceros, que aparecen en este sitio web se proporcionan \u00abcomo est\u00e1n\u00bb, sin garant\u00edas de ning\u00fan tipo en cuanto a su exactitud y actualizaci\u00f3n. En su consecuencia, QUI\u00c9N SINO NOSOTROS no se hace responsable de los posibles perjuicios que la utilizaci\u00f3n de las mismas pudiera causar.<\/li><li>Contenidos il\u00edcitos: QUI\u00c9N SINO NOSOTROS se compromete a hacer lo posible para evitar la existencia en su sitio web de contenidos il\u00edcitos y, en caso de que tenga conocimiento efectivo de estos contenidos, eliminarlos o impedir el acceso a los mismos. No obstante, no se garantiza la licitud de los contenidos suministrados sobre la base de informaci\u00f3n proporcionada por terceros proveedores, colaboradores o usuarios.<\/li><li>Modificaci\u00f3n de contenidos: La informaci\u00f3n, la presentaci\u00f3n y los servicios que ofrece este sitio pueden ser sometidos a cambios peri\u00f3dicos o puntuales, susceptibles de ser efectuados libremente por QUI\u00c9N SINO NOSOTROS sin que exista obligaci\u00f3n de comunicarlo a los usuarios.<\/li><\/ul>\n\n\n\n<h4 class=\"wp-block-heading\">Por el funcionamiento del sitio web<\/h4>\n\n\n\n<ul class=\"wp-block-list\"><li>Privacidad: QUI\u00c9N SINO NOSOTROS no garantiza privacidad absoluta en la utilizaci\u00f3n de este sitio, ya que no debe descartarse la posibilidad de que terceros no autorizados puedan tener conocimiento de la misma y de las circunstancias en que se realiza.<\/li><li>Virus: QUI\u00c9N SINO NOSOTROS no acepta ninguna responsabilidad por los posibles da\u00f1os causados por virus inform\u00e1ticos, cuya ausencia no queda garantizada.<\/li><li>Disfunciones t\u00e9cnicas: QUI\u00c9N SINO NOSOTROS queda eximida de cualquier responsabilidad derivada del mal funcionamiento del sitio, o de cualquiera de sus servicios, que tenga su origen en una circunstancia accidental, fuerza mayor, trabajos necesarios de mantenimiento o cualquier otra causa no imputable a QUI\u00c9N SINO NOSOTROS.<\/li><\/ul>\n","protected":false},"excerpt":{"rendered":"<p>Estas son las Condiciones Generales de Uso del sitio web de QUI\u00c9N SINO NOSOTROS, al que se accede mediante la direcci\u00f3n principal www.quiensinonosotros.com. La existencia de las presentes Condiciones Generales de Uso no excluye la existencia de otras disposiciones o condiciones de acceso a las diversas secciones que componen el sitio web. ACEPTACI\u00d3N DE LAS [&hellip;]<\/p>\n","protected":false},"author":1,"featured_media":0,"parent":0,"menu_order":0,"comment_status":"closed","ping_status":"closed","template":"","meta":{"site-sidebar-layout":"default","site-content-layout":"","ast-site-content-layout":"default","site-content-style":"default","site-sidebar-style":"default","ast-global-header-display":"","ast-banner-title-visibility":"","ast-main-header-display":"","ast-hfb-above-header-display":"","ast-hfb-below-header-display":"","ast-hfb-mobile-header-display":"","site-post-title":"","ast-breadcrumbs-content":"","ast-featured-img":"","footer-sml-layout":"","ast-disable-related-posts":"","theme-transparent-header-meta":"","adv-header-id-meta":"","stick-header-meta":"","header-above-stick-meta":"","header-main-stick-meta":"","header-below-stick-meta":"","astra-migrate-meta-layouts":"default","ast-page-background-enabled":"default","ast-page-background-meta":{"desktop":{"background-color":"","background-image":"","background-repeat":"repeat","background-position":"center center","background-size":"auto","background-attachment":"scroll","background-type":"","background-media":"","overlay-type":"","overlay-color":"","overlay-opacity":"","overlay-gradient":""},"tablet":{"background-color":"","background-image":"","background-repeat":"repeat","background-position":"center center","background-size":"auto","background-attachment":"scroll","background-type":"","background-media":"","overlay-type":"","overlay-color":"","overlay-opacity":"","overlay-gradient":""},"mobile":{"background-color":"","background-image":"","background-repeat":"repeat","background-position":"center center","background-size":"auto","background-attachment":"scroll","background-type":"","background-media":"","overlay-type":"","overlay-color":"","overlay-opacity":"","overlay-gradient":""}},"ast-content-background-meta":{"desktop":{"background-color":"var(--ast-global-color-5)","background-image":"","background-repeat":"repeat","background-position":"center center","background-size":"auto","background-attachment":"scroll","background-type":"","background-media":"","overlay-type":"","overlay-color":"","overlay-opacity":"","overlay-gradient":""},"tablet":{"background-color":"var(--ast-global-color-5)","background-image":"","background-repeat":"repeat","background-position":"center center","background-size":"auto","background-attachment":"scroll","background-type":"","background-media":"","overlay-type":"","overlay-color":"","overlay-opacity":"","overlay-gradient":""},"mobile":{"background-color":"var(--ast-global-color-5)","background-image":"","background-repeat":"repeat","background-position":"center center","background-size":"auto","background-attachment":"scroll","background-type":"","background-media":"","overlay-type":"","overlay-color":"","overlay-opacity":"","overlay-gradient":""}},"footnotes":""},"class_list":["post-3323","page","type-page","status-publish","hentry"],"_links":{"self":[{"href":"https:\/\/www.quiensinonosotros.com\/uk\/wp-json\/wp\/v2\/pages\/3323","targetHints":{"allow":["GET"]}}],"collection":[{"href":"https:\/\/www.quiensinonosotros.com\/uk\/wp-json\/wp\/v2\/pages"}],"about":[{"href":"https:\/\/www.quiensinonosotros.com\/uk\/wp-json\/wp\/v2\/types\/page"}],"author":[{"embeddable":true,"href":"https:\/\/www.quiensinonosotros.com\/uk\/wp-json\/wp\/v2\/users\/1"}],"replies":[{"embeddable":true,"href":"https:\/\/www.quiensinonosotros.com\/uk\/wp-json\/wp\/v2\/comments?post=3323"}],"version-history":[{"count":1,"href":"https:\/\/www.quiensinonosotros.com\/uk\/wp-json\/wp\/v2\/pages\/3323\/revisions"}],"predecessor-version":[{"id":3326,"href":"https:\/\/www.quiensinonosotros.com\/uk\/wp-json\/wp\/v2\/pages\/3323\/revisions\/3326"}],"wp:attachment":[{"href":"https:\/\/www.quiensinonosotros.com\/uk\/wp-json\/wp\/v2\/media?parent=3323"}],"curies":[{"name":"wp","href":"https:\/\/api.w.org\/{rel}","templated":true}]}}